{"id":23,"date":"2013-01-16T09:55:46","date_gmt":"2013-01-16T09:55:46","guid":{"rendered":"http:\/\/met.parisnanterre.fr\/?page_id=23"},"modified":"2020-05-06T07:59:01","modified_gmt":"2020-05-06T07:59:01","slug":"accueil","status":"publish","type":"page","link":"https:\/\/met.parisnanterre.fr\/","title":{"rendered":"MASTER MET"},"content":{"rendered":"\n<h2 class=\"has-cyan-bluish-gray-color has-text-color wp-block-heading\">Un nouveau parcours Travail et Emploi<\/h2>\n\n\n\n<div style=\"height:100px\" aria-hidden=\"true\" class=\"wp-block-spacer\"><\/div>\n\n\n\n<h4 class=\"has-vivid-red-color has-text-color wp-block-heading\">M\u00e9tiers de l&rsquo;Emploi et du Travail\/ Mutations de l&rsquo;Emploi et du Travail<\/h4>\n\n\n\n<p><em>A partir de la rentr\u00e9e 2020, le nouveau parcours de master MET (M1-M2) remplace l&rsquo;ancien parcours ATOGE (M2) du Master de Sciences \u00c9conomiques et Sociales de l&rsquo;Universit\u00e9 Paris Nanterre.<\/em><\/p>\n\n\n\n<p>MET est un nouveau parcours du Master Sciences \u00e9conomiques et sociales qui a vocation \u00e0 accueillir les \u00e9tudiants dont le projet se structure autour des th\u00e9matiques de l&rsquo;Emploi et du Travail. D\u00e9sormais parcours \u00ab\u00a0indiff\u00e9renci\u00e9\u00a0\u00bb tout au long des deux ann\u00e9es de master, il articule la double ambition de former des professionnels de l&rsquo;Emploi, du Travail et des RH et de constituer un p\u00f4le de r\u00e9f\u00e9rence pour l&rsquo;analyse socio-\u00e9conomique des mutations contemporaines du Travail et de l&rsquo;Emploi.&nbsp; Son objet est ainsi de former des \u00e9tudiants \u00e0 l\u2019analyse des mutations de l\u2019emploi et du travail et aux m\u00e9tiers des ressources humaines et du dialogue social.<\/p>\n\n\n\n<p>Dans un contexte de mont\u00e9e en puissance de la digitalisation et de l\u2019\u00e9mergence de nouvelles formes d\u2019organisation du travail qui bouleversent les pratiques de travail et les formes d\u2019emploi, le parcours MET vise la n\u00e9cessaire ma\u00eetrise de savoirs op\u00e9rationnels tout en assumant son ambition et sa sp\u00e9cificit\u00e9 de promouvoir les qualit\u00e9s r\u00e9flexives et intellectuelles qui seront indispensables \u00e0 ses \u00e9tudiants durant toute leur carri\u00e8re<\/p>\n\n\n\n<div style=\"height:100px\" aria-hidden=\"true\" class=\"wp-block-spacer\"><\/div>\n\n\n\n<h4 class=\"has-vivid-red-color has-text-color wp-block-heading\">L&rsquo;apport des sciences sociales du travail<\/h4>\n\n\n\n<p>Dans la lign\u00e9e de l\u2019ancien parcours ATOGE dont il prend la suite, le parcours MET articule les apports de quatre disciplines indispensables \u00e0 la compr\u00e9hension des questions du travail, de l\u2019emploi, des ressources humaines et de leurs enjeux op\u00e9rationnels : l\u2019\u00e9conomie, la sociologie, le droit et la gestion.<\/p>\n\n\n\n<div style=\"height:100px\" aria-hidden=\"true\" class=\"wp-block-spacer\"><\/div>\n\n\n\n<h4 class=\"has-vivid-red-color has-text-color wp-block-heading\">Articuler th\u00e9orie et pratique<\/h4>\n\n\n\n<p>Les enseignements sont organis\u00e9s en quatre grands ensembles organis\u00e9s autour de l\u2019acquisition de savoirs th\u00e9oriques et pratiques, d\u2019une part, d\u2019apprentissages individuels et de travaux collectifs, d\u2019autre part : des <strong>cours<\/strong> consacr\u00e9s aux apports de la sociologie, de l\u2019\u00e9conomie, du droit et de la gestion \u00e0 l\u2019analyse du travail et de l\u2019emploi; des <strong>cours et des conf\u00e9rences<\/strong> portant sur des objets pr\u00e9cis comme la sant\u00e9 au travail, \u00e0 la formation professionnelle, aux politiques et aux institutions locales de l\u2019emploi, ou encore la question de la diversit\u00e9 et des discriminations&nbsp;; des <strong>s\u00e9minaires<\/strong> permettant des approfondissements et une personnalisation du parcours&nbsp;; des enseignements d\u2019ouverture sur des terrains professionnels ainsi que des <strong>stages<\/strong> pour ceux des \u00e9tudiants qui s\u2019orientent dans ce parcours dans une logique de professionnalisation.<\/p>\n\n\n\n<div style=\"height:100px\" aria-hidden=\"true\" class=\"wp-block-spacer\"><\/div>\n\n\n\n<p>Pour un aper\u00e7u des d\u00e9bouch\u00e9s&nbsp;<a href=\"http:\/\/met.parisnanterre.fr\/?page_id=384\">cliquer ici.<\/a><\/p>\n\n\n\n<p>Pour acc\u00e9der \u00e0 la pr\u00e9sentation officielle de la maquette sur le site de l&rsquo;universit\u00e9: <a href=\"https:\/\/formations.parisnanterre.fr\/fr\/catalogue-des-formations\/master-lmd-05\/sciences-economiques-et-sociales-JWQH5DY6\/\/metiers-de-l-emploi-et-du-travail-met-JX323ZXR.html?search-keywords=MET\">cliquer ici<\/a><\/p>\n\n\n\n<p><span style=\"color: #ffffff;\">Pour acc\u00e9der au <\/span><a href=\"https:\/\/ufr-ssa.parisnanterre.fr\/livrets-etudiants\/masters\/livret-du-master-sciences-economiques-et-sociales-138073.kjsp?RH=1487862671360\"><span style=\"color: #ffffff;\">livret du Master sur le site de l&rsquo;UFR<\/span><\/a><\/p>\n\n\n\n<p><span style=\"color: #ffffff;\">2013 2013 2013 2013 2013<\/span><\/p>\n","protected":false},"excerpt":{"rendered":"<p>Un nouveau parcours Travail et Emploi M\u00e9tiers de l&rsquo;Emploi et du Travail\/ Mutations de l&rsquo;Emploi et du Travail A partir de la rentr\u00e9e 2020, le nouveau parcours de master MET (M1-M2) remplace l&rsquo;ancien parcours ATOGE (M2) du Master de Sciences&hellip;&nbsp;<a href=\"https:\/\/met.parisnanterre.fr\/\" class=\"more-link\">Lire la suite<\/a><\/p>\n","protected":false},"author":1,"featured_media":0,"parent":0,"menu_order":0,"comment_status":"closed","ping_status":"closed","template":"","meta":{"footnotes":""},"class_list":["post-23","page","type-page","status-publish","hentry"],"_links":{"self":[{"href":"https:\/\/met.parisnanterre.fr\/index.php?rest_route=\/wp\/v2\/pages\/23","targetHints":{"allow":["GET"]}}],"collection":[{"href":"https:\/\/met.parisnanterre.fr\/index.php?rest_route=\/wp\/v2\/pages"}],"about":[{"href":"https:\/\/met.parisnanterre.fr\/index.php?rest_route=\/wp\/v2\/types\/page"}],"author":[{"embeddable":true,"href":"https:\/\/met.parisnanterre.fr\/index.php?rest_route=\/wp\/v2\/users\/1"}],"replies":[{"embeddable":true,"href":"https:\/\/met.parisnanterre.fr\/index.php?rest_route=%2Fwp%2Fv2%2Fcomments&post=23"}],"version-history":[{"count":42,"href":"https:\/\/met.parisnanterre.fr\/index.php?rest_route=\/wp\/v2\/pages\/23\/revisions"}],"predecessor-version":[{"id":527,"href":"https:\/\/met.parisnanterre.fr\/index.php?rest_route=\/wp\/v2\/pages\/23\/revisions\/527"}],"wp:attachment":[{"href":"https:\/\/met.parisnanterre.fr\/index.php?rest_route=%2Fwp%2Fv2%2Fmedia&parent=23"}],"curies":[{"name":"wp","href":"https:\/\/api.w.org\/{rel}","templated":true}]}}