{"id":21,"date":"2013-01-16T09:55:13","date_gmt":"2013-01-16T09:55:13","guid":{"rendered":"http:\/\/met.parisnanterre.fr\/?page_id=21"},"modified":"2020-02-14T10:31:57","modified_gmt":"2020-02-14T10:31:57","slug":"stage","status":"publish","type":"page","link":"https:\/\/met.parisnanterre.fr\/?page_id=21","title":{"rendered":"Un stage ou un m\u00e9moire de recherche"},"content":{"rendered":"<p>En M2, les \u00e9tudiants ont le choix entre une orientation \u00ab\u00a0professionnelle\u00a0\u00bb et une orientation \u00ab\u00a0recherche\u00a0\u00bb. Les premiers r\u00e9alisent un stage, les seconds un travail de recherche acad\u00e9mique pouss\u00e9 sur un sujet de leur choix.<\/p>\n<h5>Le stage de M2<\/h5>\n<p>Le stage d&rsquo;une dur\u00e9e de quatre mois minimum (6 mois la plupart du temps) est r\u00e9alis\u00e9 \u00e0 compter de mi-mars. Il peut s\u2019effectuer dans des entreprises comme dans des \u00e9tablissements publics. Les stages sont suivis par un directeur de m\u00e9moire, membre de l&rsquo;\u00e9quipe p\u00e9dagogique, et un tuteur professionnel dans l&rsquo;\u00e9tablissement d&rsquo;accueil du stage.\u00a0\u00a0 Les stages sont valid\u00e9s par la r\u00e9daction d&rsquo;un m\u00e9moire mettant en perspective les enseignements pratiques et th\u00e9oriques du stage et la pr\u00e9sentation orale du m\u00e9moire. Le m\u00e9moire\u00a0 est soutenu devant un jury comprenant des membres de l\u2019\u00e9quipe p\u00e9dagogique ainsi que le ma\u00eetre de stage. Le jury \u00e9value les acquis professionnels et th\u00e9oriques, les capacit\u00e9s d\u2019int\u00e9gration et les qualit\u00e9s personnelles de l\u2019\u00e9tudiant.<\/p>\n<h5>Le m\u00e9moire de recherche<\/h5>\n<p>Pour les \u00e9tudiants qui choisissent cette voie, le m\u00e9moire de recherche constitue une recherche originale de l&rsquo;\u00e9tudiant sur le sujet de son choix. Il doit n\u00e9anmoins avoir un ancrage disciplinaire clair et \u00eatre dirig\u00e9 par un chercheur ou un enseignant chercheur de l&rsquo;\u00e9quipe p\u00e9dagogique du master ou, plus largement, de l&rsquo;universit\u00e9.<\/p>\n","protected":false},"excerpt":{"rendered":"<p>En M2, les \u00e9tudiants ont le choix entre une orientation \u00ab\u00a0professionnelle\u00a0\u00bb et une orientation \u00ab\u00a0recherche\u00a0\u00bb. Les premiers r\u00e9alisent un stage, les seconds un travail de recherche acad\u00e9mique pouss\u00e9 sur un sujet de leur choix. Le stage de M2 Le stage&hellip;&nbsp;<a href=\"https:\/\/met.parisnanterre.fr\/?page_id=21\" class=\"more-link\">Lire la suite<\/a><\/p>\n","protected":false},"author":1,"featured_media":0,"parent":10,"menu_order":30,"comment_status":"closed","ping_status":"closed","template":"","meta":{"footnotes":""},"class_list":["post-21","page","type-page","status-publish","hentry"],"_links":{"self":[{"href":"https:\/\/met.parisnanterre.fr\/index.php?rest_route=\/wp\/v2\/pages\/21","targetHints":{"allow":["GET"]}}],"collection":[{"href":"https:\/\/met.parisnanterre.fr\/index.php?rest_route=\/wp\/v2\/pages"}],"about":[{"href":"https:\/\/met.parisnanterre.fr\/index.php?rest_route=\/wp\/v2\/types\/page"}],"author":[{"embeddable":true,"href":"https:\/\/met.parisnanterre.fr\/index.php?rest_route=\/wp\/v2\/users\/1"}],"replies":[{"embeddable":true,"href":"https:\/\/met.parisnanterre.fr\/index.php?rest_route=%2Fwp%2Fv2%2Fcomments&post=21"}],"version-history":[{"count":13,"href":"https:\/\/met.parisnanterre.fr\/index.php?rest_route=\/wp\/v2\/pages\/21\/revisions"}],"predecessor-version":[{"id":479,"href":"https:\/\/met.parisnanterre.fr\/index.php?rest_route=\/wp\/v2\/pages\/21\/revisions\/479"}],"up":[{"embeddable":true,"href":"https:\/\/met.parisnanterre.fr\/index.php?rest_route=\/wp\/v2\/pages\/10"}],"wp:attachment":[{"href":"https:\/\/met.parisnanterre.fr\/index.php?rest_route=%2Fwp%2Fv2%2Fmedia&parent=21"}],"curies":[{"name":"wp","href":"https:\/\/api.w.org\/{rel}","templated":true}]}}