{"id":12,"date":"2013-01-16T09:50:47","date_gmt":"2013-01-16T09:50:47","guid":{"rendered":"http:\/\/met.parisnanterre.fr\/?page_id=12"},"modified":"2020-05-06T07:56:48","modified_gmt":"2020-05-06T07:56:48","slug":"contact","status":"publish","type":"page","link":"https:\/\/met.parisnanterre.fr\/?page_id=12","title":{"rendered":"Candidater. Qui? Comment?"},"content":{"rendered":"\n<p><strong>L&rsquo;acc\u00e8s au parcours MET peut se faire en M1 ou en M2. <\/strong><\/p>\n\n\n\n<div style=\"height:100px\" aria-hidden=\"true\" class=\"wp-block-spacer\"><\/div>\n\n\n\n<p><\/p>\n\n\n\n<p><strong>Modalit\u00e9s de recrutement : <\/strong><\/p>\n\n\n\n<p><em>Le recrutement ne pr\u00e9voit aucune \u00e9preuve\n        \u00e9crite et\/ou\n        orale : recrutement uniquement sur dossier pour tous les\n        \u00e9tudiants.<\/em><\/p>\n\n\n\n<div style=\"height:100px\" aria-hidden=\"true\" class=\"wp-block-spacer\"><\/div>\n\n\n\n<p><strong>Crit\u00e8res de recrutement :<\/strong><\/p>\n\n\n\n<p><em>Profil du candidat (licences d\u2019AES, de\n        Sciences Sociales,\n        de Sciences \u00e9conomiques, de Sociologie, \u00e9l\u00e8ves de pr\u00e9pas B\/L,\n        ECE, ECS, \u00e9coles\n        de commerce etc.), r\u00e9sultats acad\u00e9miques et \u00e9l\u00e9ments de\n        motivations pr\u00e9cis\u00e9s\n        dans la lettre de candidature. Conform\u00e9ment \u00e0 la d\u00e9lib\u00e9ration du\n        CA, il est\n        attendu des candidats qu\u2019ils montrent l\u2019ad\u00e9quation de leur\n        formation ant\u00e9rieure\n        et de leur projet professionnel avec la formation vis\u00e9e. <\/em><\/p>\n\n\n\n<div style=\"height:100px\" aria-hidden=\"true\" class=\"wp-block-spacer\"><\/div>\n\n\n\n<p><strong>Mentions de Licences conseill\u00e9es :<\/strong><\/p>\n\n\n\n<p>Licences de sciences\n        sociales, de\n        sociologie, d\u2019\u00e9conomie, d\u2019AES, de\n        sciences\n        politiques \u00e9l\u00e8ves de pr\u00e9pas B\/L, ECE, ECS, \u00e9coles de commerce.<\/p>\n\n\n\n<p><em>Les candidats titulaires d\u2019autres dipl\u00f4mes\n        pourront\n        \u00e9galement candidater (proc\u00e9dure de validation des acquis\n        acad\u00e9miques ou des\n        \u00e9tudes ant\u00e9rieures, notamment).<\/em><\/p>\n\n\n\n<p><em>En mati\u00e8re d\u2019acquis acad\u00e9miques, le\n        recrutement se\n        fondera sur la prise en compte du niveau de l\u2019\u00e9tudiant \u00e0 partir\n        des r\u00e9sultats des\n        ann\u00e9es ant\u00e9rieures.<\/em><\/p>\n\n\n\n<p><em>Les pi\u00e8ces constitutives du dossier sont les\n        pi\u00e8ces communes\n        aux candidatures de Master (cf. d\u00e9lib\u00e9ration du Conseil\n        d\u2019Administration de\n        l\u2019Universit\u00e9 Paris Nanterre relative aux admissions en Master\n        subordonn\u00e9es \u00e0\n        l\u2019examen du dossier du candidat)<\/em><\/p>\n\n\n\n<p>Pour candidater:  <\/p>\n\n\n\n<p>https:\/\/ecandidat.parisnanterre.fr<br><br><em>Dates de d\u00e9p\u00f4t des candidatures : se r\u00e9f\u00e9rer         \u00e0         ecandidat.parisnanterre.fr<\/em><\/p>\n\n\n<p style=\"text-align: justify;\">\n<\/p><p style=\"text-align: left;\">Secr\u00e9tariat : Marie Valero, Bat.D &#8211; Bureau 212B, Tel : 01 40 97 58 44,<br><span style=\"text-decoration: underline; color: #0000ff;\"><a href=\"mailto:marie.valero@parisnanterre.fr\">marie.valero@parisnanterre.fr<\/a><\/span><\/p>\n<p style=\"text-align: justify;\">Visitez \u00e9galement la page du <a href=\"https:\/\/master-ses.parisnanterre.fr\/\">Master Sciences \u00e9conomiques et sociales<\/a> du site de l&rsquo;Universit\u00e9 <\/p>","protected":false},"excerpt":{"rendered":"<p>L&rsquo;acc\u00e8s au parcours MET peut se faire en M1 ou en M2. Modalit\u00e9s de recrutement : Le recrutement ne pr\u00e9voit aucune \u00e9preuve \u00e9crite et\/ou orale : recrutement uniquement sur dossier pour tous les \u00e9tudiants. Crit\u00e8res de recrutement : Profil du&hellip;&nbsp;<a href=\"https:\/\/met.parisnanterre.fr\/?page_id=12\" class=\"more-link\">Lire la suite<\/a><\/p>\n","protected":false},"author":1,"featured_media":0,"parent":23,"menu_order":0,"comment_status":"closed","ping_status":"closed","template":"","meta":{"footnotes":""},"class_list":["post-12","page","type-page","status-publish","hentry"],"_links":{"self":[{"href":"https:\/\/met.parisnanterre.fr\/index.php?rest_route=\/wp\/v2\/pages\/12","targetHints":{"allow":["GET"]}}],"collection":[{"href":"https:\/\/met.parisnanterre.fr\/index.php?rest_route=\/wp\/v2\/pages"}],"about":[{"href":"https:\/\/met.parisnanterre.fr\/index.php?rest_route=\/wp\/v2\/types\/page"}],"author":[{"embeddable":true,"href":"https:\/\/met.parisnanterre.fr\/index.php?rest_route=\/wp\/v2\/users\/1"}],"replies":[{"embeddable":true,"href":"https:\/\/met.parisnanterre.fr\/index.php?rest_route=%2Fwp%2Fv2%2Fcomments&post=12"}],"version-history":[{"count":32,"href":"https:\/\/met.parisnanterre.fr\/index.php?rest_route=\/wp\/v2\/pages\/12\/revisions"}],"predecessor-version":[{"id":526,"href":"https:\/\/met.parisnanterre.fr\/index.php?rest_route=\/wp\/v2\/pages\/12\/revisions\/526"}],"up":[{"embeddable":true,"href":"https:\/\/met.parisnanterre.fr\/index.php?rest_route=\/wp\/v2\/pages\/23"}],"wp:attachment":[{"href":"https:\/\/met.parisnanterre.fr\/index.php?rest_route=%2Fwp%2Fv2%2Fmedia&parent=12"}],"curies":[{"name":"wp","href":"https:\/\/api.w.org\/{rel}","templated":true}]}}